{"id":546,"date":"2025-09-14T02:29:05","date_gmt":"2025-09-14T02:29:05","guid":{"rendered":"https:\/\/kamilgackowski.store\/?page_id=546"},"modified":"2025-09-14T04:48:18","modified_gmt":"2025-09-14T04:48:18","slug":"recruitment","status":"publish","type":"page","link":"https:\/\/highpuritysolutions.pl\/en\/recruitment\/","title":{"rendered":"Recruitment"},"content":{"rendered":"<div class=\"wp-block-columns are-vertically-aligned-center is-layout-flex wp-container-core-columns-is-layout-9d6595d7 wp-block-columns-is-layout-flex\">\n<div class=\"wp-block-column is-vertically-aligned-center is-layout-flow wp-block-column-is-layout-flow\" style=\"flex-basis:50%\">\n<p class=\"has-text-align-left has-medium-font-size\">Our recruitment services are built on real industry knowledge and experience. We supply highly skilled individuals or fully deployed teams tailored to your project needs. From supervisors and welders to fitters, riggers, and general operatives, every professional we provide is practically skills-assessed before deployment to ensure reliability and capability.<\/p>\n<\/div>\n\n\n\n<div class=\"wp-block-column is-vertically-aligned-center is-layout-flow wp-block-column-is-layout-flow\" style=\"flex-basis:50%\">\n<figure class=\"wp-block-image size-full\"><img loading=\"lazy\" decoding=\"async\" width=\"768\" height=\"512\" src=\"https:\/\/kamilgackowski.store\/wp-content\/uploads\/2025\/09\/ChatGPT_Image_14_wrz_2025_06_46_37_optimized.png\" alt=\"\" class=\"wp-image-604\" srcset=\"https:\/\/highpuritysolutions.pl\/wp-content\/uploads\/2025\/09\/ChatGPT_Image_14_wrz_2025_06_46_37_optimized.png 768w, https:\/\/highpuritysolutions.pl\/wp-content\/uploads\/2025\/09\/ChatGPT_Image_14_wrz_2025_06_46_37_optimized-300x200.png 300w, https:\/\/highpuritysolutions.pl\/wp-content\/uploads\/2025\/09\/ChatGPT_Image_14_wrz_2025_06_46_37_optimized-18x12.png 18w\" sizes=\"auto, (max-width: 768px) 100vw, 768px\" \/><\/figure>\n<\/div>\n<\/div>\n\n\n\n<div style=\"height:77px\" aria-hidden=\"true\" class=\"wp-block-spacer\"><\/div>\n\n\n\n<p class=\"has-text-align-center has-medium-font-size\">Industries we serve include:<\/p>\n\n\n\n<div class=\"wp-block-columns is-layout-flex wp-container-core-columns-is-layout-9d6595d7 wp-block-columns-is-layout-flex\">\n<div class=\"wp-block-column is-layout-flow wp-block-column-is-layout-flow\" style=\"flex-basis:33.34%\">\n<figure class=\"wp-block-image size-full is-resized is-style-rounded\"><img loading=\"lazy\" decoding=\"async\" width=\"600\" height=\"400\" src=\"https:\/\/kamilgackowski.store\/wp-content\/uploads\/2025\/06\/polprzewodniki_uklady_scalone-e1751313695927.webp\" alt=\"\" class=\"wp-image-289\" style=\"aspect-ratio:4\/3;object-fit:cover;width:600px\"\/><\/figure>\n\n\n\n<p class=\"has-text-align-center has-medium-font-size\">Semiconductors<\/p>\n<\/div>\n\n\n\n<div class=\"wp-block-column is-layout-flow wp-block-column-is-layout-flow\" style=\"flex-basis:33.34%\">\n<figure class=\"wp-block-image size-full is-resized is-style-rounded\"><img loading=\"lazy\" decoding=\"async\" width=\"483\" height=\"312\" src=\"https:\/\/kamilgackowski.store\/wp-content\/uploads\/2025\/06\/AdobeStock_381575243-autor-sdecoret-data-center-centrum-danych.jpg\" alt=\"\" class=\"wp-image-419\" style=\"aspect-ratio:4\/3;object-fit:cover;width:600px\" srcset=\"https:\/\/highpuritysolutions.pl\/wp-content\/uploads\/2025\/06\/AdobeStock_381575243-autor-sdecoret-data-center-centrum-danych.jpg 483w, https:\/\/highpuritysolutions.pl\/wp-content\/uploads\/2025\/06\/AdobeStock_381575243-autor-sdecoret-data-center-centrum-danych-300x194.jpg 300w\" sizes=\"auto, (max-width: 483px) 100vw, 483px\" \/><\/figure>\n\n\n\n<p class=\"has-text-align-center has-medium-font-size\">Data<\/p>\n<\/div>\n\n\n\n<div class=\"wp-block-column is-layout-flow wp-block-column-is-layout-flow\" style=\"flex-basis:33.33%\">\n<figure class=\"wp-block-image size-large is-resized is-style-rounded\"><img loading=\"lazy\" decoding=\"async\" width=\"1024\" height=\"531\" src=\"https:\/\/kamilgackowski.store\/wp-content\/uploads\/2025\/06\/Hero-1024x531.webp\" alt=\"\" class=\"wp-image-421\" style=\"aspect-ratio:4\/3;object-fit:cover;width:600px\" srcset=\"https:\/\/highpuritysolutions.pl\/wp-content\/uploads\/2025\/06\/Hero-1024x531.webp 1024w, https:\/\/highpuritysolutions.pl\/wp-content\/uploads\/2025\/06\/Hero-300x155.webp 300w, https:\/\/highpuritysolutions.pl\/wp-content\/uploads\/2025\/06\/Hero-768x398.webp 768w, https:\/\/highpuritysolutions.pl\/wp-content\/uploads\/2025\/06\/Hero-1536x796.webp 1536w, https:\/\/highpuritysolutions.pl\/wp-content\/uploads\/2025\/06\/Hero.webp 1920w\" sizes=\"auto, (max-width: 1024px) 100vw, 1024px\" \/><\/figure>\n\n\n\n<p class=\"has-text-align-center has-medium-font-size\">Natural science<\/p>\n<\/div>\n<\/div>\n\n\n\n<div class=\"wp-block-columns is-layout-flex wp-container-core-columns-is-layout-9d6595d7 wp-block-columns-is-layout-flex\">\n<div class=\"wp-block-column is-layout-flow wp-block-column-is-layout-flow\">\n<figure class=\"wp-block-image size-full is-style-rounded\"><img loading=\"lazy\" decoding=\"async\" width=\"750\" height=\"422\" src=\"https:\/\/kamilgackowski.store\/wp-content\/uploads\/2025\/09\/energetyka.jpeg.article_lead.jpg\" alt=\"\" class=\"wp-image-583\" style=\"aspect-ratio:4\/3;object-fit:cover\" srcset=\"https:\/\/highpuritysolutions.pl\/wp-content\/uploads\/2025\/09\/energetyka.jpeg.article_lead.jpg 750w, https:\/\/highpuritysolutions.pl\/wp-content\/uploads\/2025\/09\/energetyka.jpeg.article_lead-300x169.jpg 300w, https:\/\/highpuritysolutions.pl\/wp-content\/uploads\/2025\/09\/energetyka.jpeg.article_lead-18x10.jpg 18w\" sizes=\"auto, (max-width: 750px) 100vw, 750px\" \/><\/figure>\n\n\n\n<p class=\"has-text-align-center has-medium-font-size\">Energy<\/p>\n<\/div>\n\n\n\n<div class=\"wp-block-column is-layout-flow wp-block-column-is-layout-flow\">\n<figure class=\"wp-block-image size-large is-style-rounded\"><img loading=\"lazy\" decoding=\"async\" width=\"1024\" height=\"512\" src=\"https:\/\/kamilgackowski.store\/wp-content\/uploads\/2025\/09\/U7Ik9kpTURBXy9iNjYzZThkOThjZjhkMWIxYmIzNDIzZGRlNzk5N2QwZS5qcGeSlQMAzJDNEirNCjiTBc0EsM0CWN4AAaEwAQ-1024x512.jpg\" alt=\"\" class=\"wp-image-584\" style=\"aspect-ratio:4\/3;object-fit:cover\" srcset=\"https:\/\/highpuritysolutions.pl\/wp-content\/uploads\/2025\/09\/U7Ik9kpTURBXy9iNjYzZThkOThjZjhkMWIxYmIzNDIzZGRlNzk5N2QwZS5qcGeSlQMAzJDNEirNCjiTBc0EsM0CWN4AAaEwAQ-1024x512.jpg 1024w, https:\/\/highpuritysolutions.pl\/wp-content\/uploads\/2025\/09\/U7Ik9kpTURBXy9iNjYzZThkOThjZjhkMWIxYmIzNDIzZGRlNzk5N2QwZS5qcGeSlQMAzJDNEirNCjiTBc0EsM0CWN4AAaEwAQ-300x150.jpg 300w, https:\/\/highpuritysolutions.pl\/wp-content\/uploads\/2025\/09\/U7Ik9kpTURBXy9iNjYzZThkOThjZjhkMWIxYmIzNDIzZGRlNzk5N2QwZS5qcGeSlQMAzJDNEirNCjiTBc0EsM0CWN4AAaEwAQ-768x384.jpg 768w, https:\/\/highpuritysolutions.pl\/wp-content\/uploads\/2025\/09\/U7Ik9kpTURBXy9iNjYzZThkOThjZjhkMWIxYmIzNDIzZGRlNzk5N2QwZS5qcGeSlQMAzJDNEirNCjiTBc0EsM0CWN4AAaEwAQ-18x9.jpg 18w, https:\/\/highpuritysolutions.pl\/wp-content\/uploads\/2025\/09\/U7Ik9kpTURBXy9iNjYzZThkOThjZjhkMWIxYmIzNDIzZGRlNzk5N2QwZS5qcGeSlQMAzJDNEirNCjiTBc0EsM0CWN4AAaEwAQ.jpg 1200w\" sizes=\"auto, (max-width: 1024px) 100vw, 1024px\" \/><\/figure>\n\n\n\n<p class=\"has-text-align-center has-medium-font-size\">Industrial<\/p>\n<\/div>\n<\/div>\n\n\n\n<div style=\"height:77px\" aria-hidden=\"true\" class=\"wp-block-spacer\"><\/div>\n\n\n\n<div class=\"wp-block-columns are-vertically-aligned-center is-layout-flex wp-container-core-columns-is-layout-9d6595d7 wp-block-columns-is-layout-flex\">\n<div class=\"wp-block-column is-vertically-aligned-center is-layout-flow wp-block-column-is-layout-flow\" style=\"flex-basis:50%\">\n<figure class=\"wp-block-image size-full\"><img loading=\"lazy\" decoding=\"async\" width=\"768\" height=\"512\" src=\"https:\/\/kamilgackowski.store\/wp-content\/uploads\/2025\/09\/ChatGPT_Image_14_wrz_2025_06_28_16_optimized.png\" alt=\"\" class=\"wp-image-599\" style=\"aspect-ratio:4\/3;object-fit:cover\" srcset=\"https:\/\/highpuritysolutions.pl\/wp-content\/uploads\/2025\/09\/ChatGPT_Image_14_wrz_2025_06_28_16_optimized.png 768w, https:\/\/highpuritysolutions.pl\/wp-content\/uploads\/2025\/09\/ChatGPT_Image_14_wrz_2025_06_28_16_optimized-300x200.png 300w, https:\/\/highpuritysolutions.pl\/wp-content\/uploads\/2025\/09\/ChatGPT_Image_14_wrz_2025_06_28_16_optimized-18x12.png 18w\" sizes=\"auto, (max-width: 768px) 100vw, 768px\" \/><\/figure>\n<\/div>\n\n\n\n<div class=\"wp-block-column is-vertically-aligned-center is-layout-flow wp-block-column-is-layout-flow\" style=\"flex-basis:50%\">\n<p class=\"has-text-align-left has-medium-font-size\">By understanding exactly what each project demands, we help our clients reduce risk, avoid delays, and achieve successful outcomes with the right people in place from day one.<\/p>\n<\/div>\n<\/div>\n\n\n\n<p><\/p>","protected":false},"excerpt":{"rendered":"<p>Nasze us\u0142ugi rekrutacyjne opieraj\u0105 si\u0119 na prawdziwej wiedzy i do\u015bwiadczeniu bran\u017cowym. Dostarczamy wysoko wykwalifikowanych specjalist\u00f3w lub w pe\u0142ni skompletowane zespo\u0142y, dopasowane do potrzeb Twojego projektu. Od kierownik\u00f3w i spawaczy po monter\u00f3w, rigger\u00f3w i og\u00f3lnych pracownik\u00f3w \u2013 ka\u017cdy specjalista, kt\u00f3rego zapewniamy, przechodzi praktyczn\u0105 weryfikacj\u0119 umiej\u0119tno\u015bci przed rozpocz\u0119ciem pracy, aby zagwarantowa\u0107 niezawodno\u015b\u0107 i kompetencje. Obs\u0142ugiwane bran\u017ce obejmuj\u0105: [&hellip;]<\/p>","protected":false},"author":1,"featured_media":276,"parent":0,"menu_order":0,"comment_status":"closed","ping_status":"closed","template":"","meta":{"footnotes":""},"class_list":["post-546","page","type-page","status-publish","has-post-thumbnail","hentry"],"_links":{"self":[{"href":"https:\/\/highpuritysolutions.pl\/en\/wp-json\/wp\/v2\/pages\/546","targetHints":{"allow":["GET"]}}],"collection":[{"href":"https:\/\/highpuritysolutions.pl\/en\/wp-json\/wp\/v2\/pages"}],"about":[{"href":"https:\/\/highpuritysolutions.pl\/en\/wp-json\/wp\/v2\/types\/page"}],"author":[{"embeddable":true,"href":"https:\/\/highpuritysolutions.pl\/en\/wp-json\/wp\/v2\/users\/1"}],"replies":[{"embeddable":true,"href":"https:\/\/highpuritysolutions.pl\/en\/wp-json\/wp\/v2\/comments?post=546"}],"version-history":[{"count":20,"href":"https:\/\/highpuritysolutions.pl\/en\/wp-json\/wp\/v2\/pages\/546\/revisions"}],"predecessor-version":[{"id":605,"href":"https:\/\/highpuritysolutions.pl\/en\/wp-json\/wp\/v2\/pages\/546\/revisions\/605"}],"wp:featuredmedia":[{"embeddable":true,"href":"https:\/\/highpuritysolutions.pl\/en\/wp-json\/wp\/v2\/media\/276"}],"wp:attachment":[{"href":"https:\/\/highpuritysolutions.pl\/en\/wp-json\/wp\/v2\/media?parent=546"}],"curies":[{"name":"wp","href":"https:\/\/api.w.org\/{rel}","templated":true}]}}