{"id":544,"date":"2025-09-14T02:28:35","date_gmt":"2025-09-14T02:28:35","guid":{"rendered":"https:\/\/kamilgackowski.store\/?page_id=544"},"modified":"2025-09-14T05:15:53","modified_gmt":"2025-09-14T05:15:53","slug":"training","status":"publish","type":"page","link":"https:\/\/highpuritysolutions.pl\/en\/training\/","title":{"rendered":"Training"},"content":{"rendered":"<div class=\"wp-block-columns are-vertically-aligned-center is-layout-flex wp-container-core-columns-is-layout-9d6595d7 wp-block-columns-is-layout-flex\">\n<div class=\"wp-block-column is-vertically-aligned-center is-layout-flow wp-block-column-is-layout-flow\" style=\"flex-basis:50%\">\n<p style=\"font-size:25px\">At High Purity Solutions, we are committed to raising industry standards through hands-on, ISO-compliant training. Our programs combine in-depth practical sessions with expert guidance to prepare operatives for real-world success.<\/p>\n<\/div>\n\n\n\n<div class=\"wp-block-column is-vertically-aligned-center is-layout-flow wp-block-column-is-layout-flow\" style=\"flex-basis:50%\">\n<figure class=\"wp-block-image size-full\"><img loading=\"lazy\" decoding=\"async\" width=\"768\" height=\"512\" src=\"https:\/\/kamilgackowski.store\/wp-content\/uploads\/2025\/09\/ChatGPT_Image_14_wrz_2025_07_10_44_optimized.png\" alt=\"\" class=\"wp-image-615\" srcset=\"https:\/\/highpuritysolutions.pl\/wp-content\/uploads\/2025\/09\/ChatGPT_Image_14_wrz_2025_07_10_44_optimized.png 768w, https:\/\/highpuritysolutions.pl\/wp-content\/uploads\/2025\/09\/ChatGPT_Image_14_wrz_2025_07_10_44_optimized-300x200.png 300w, https:\/\/highpuritysolutions.pl\/wp-content\/uploads\/2025\/09\/ChatGPT_Image_14_wrz_2025_07_10_44_optimized-18x12.png 18w\" sizes=\"auto, (max-width: 768px) 100vw, 768px\" \/><\/figure>\n<\/div>\n<\/div>\n\n\n\n<div style=\"height:101px\" aria-hidden=\"true\" class=\"wp-block-spacer\"><\/div>\n\n\n\n<p style=\"font-size:25px\"><strong>Training programs offered:<\/strong><\/p>\n\n\n\n<ul style=\"font-size:25px\" class=\"wp-block-list\">\n<li style=\"font-size:25px\">Orbital Welding Training (comprehensive theory and practice)<\/li>\n\n\n\n<li style=\"font-size:25px\">Advanced TIG Welding Training<\/li>\n\n\n\n<li style=\"font-size:25px\">High Purity Protocol Training<\/li>\n<\/ul>\n\n\n\n<div style=\"height:101px\" aria-hidden=\"true\" class=\"wp-block-spacer\"><\/div>\n\n\n\n<div class=\"wp-block-columns are-vertically-aligned-center is-layout-flex wp-container-core-columns-is-layout-9d6595d7 wp-block-columns-is-layout-flex\">\n<div class=\"wp-block-column is-vertically-aligned-center is-layout-flow wp-block-column-is-layout-flow\" style=\"flex-basis:50%\">\n<p style=\"font-size:25px\">We use practical testing and live demonstrations to ensure every trainee is confident and capable. With a focus on precision, safety, and quality, our training equips operatives with the skills demanded by today\u2019s most advanced industries.<\/p>\n<\/div>\n\n\n\n<div class=\"wp-block-column is-vertically-aligned-center is-layout-flow wp-block-column-is-layout-flow\" style=\"flex-basis:50%\">\n<figure class=\"wp-block-image size-full\"><img loading=\"lazy\" decoding=\"async\" width=\"512\" height=\"768\" src=\"https:\/\/kamilgackowski.store\/wp-content\/uploads\/2025\/09\/ChatGPT_Image_14_wrz_2025_07_14_05_optimized.png\" alt=\"\" class=\"wp-image-617\" srcset=\"https:\/\/highpuritysolutions.pl\/wp-content\/uploads\/2025\/09\/ChatGPT_Image_14_wrz_2025_07_14_05_optimized.png 512w, https:\/\/highpuritysolutions.pl\/wp-content\/uploads\/2025\/09\/ChatGPT_Image_14_wrz_2025_07_14_05_optimized-200x300.png 200w, https:\/\/highpuritysolutions.pl\/wp-content\/uploads\/2025\/09\/ChatGPT_Image_14_wrz_2025_07_14_05_optimized-8x12.png 8w\" sizes=\"auto, (max-width: 512px) 100vw, 512px\" \/><\/figure>\n<\/div>\n<\/div>","protected":false},"excerpt":{"rendered":"<p>W High Purity Solutions d\u0105\u017cymy do podnoszenia standard\u00f3w bran\u017cowych poprzez praktyczne szkolenia zgodne z normami ISO. Nasze programy \u0142\u0105cz\u0105 dog\u0142\u0119bne zaj\u0119cia praktyczne z fachowym wsparciem, aby przygotowa\u0107 uczestnik\u00f3w do realnych wyzwa\u0144 zawodowych. Oferowane programy szkoleniowe: Stosujemy praktyczne testy i pokazy na \u017cywo, aby ka\u017cdy uczestnik czu\u0142 si\u0119 pewnie i kompetentnie. Koncentruj\u0105c si\u0119 na precyzji, bezpiecze\u0144stwie [&hellip;]<\/p>","protected":false},"author":1,"featured_media":276,"parent":0,"menu_order":0,"comment_status":"closed","ping_status":"closed","template":"","meta":{"footnotes":""},"class_list":["post-544","page","type-page","status-publish","has-post-thumbnail","hentry"],"_links":{"self":[{"href":"https:\/\/highpuritysolutions.pl\/en\/wp-json\/wp\/v2\/pages\/544","targetHints":{"allow":["GET"]}}],"collection":[{"href":"https:\/\/highpuritysolutions.pl\/en\/wp-json\/wp\/v2\/pages"}],"about":[{"href":"https:\/\/highpuritysolutions.pl\/en\/wp-json\/wp\/v2\/types\/page"}],"author":[{"embeddable":true,"href":"https:\/\/highpuritysolutions.pl\/en\/wp-json\/wp\/v2\/users\/1"}],"replies":[{"embeddable":true,"href":"https:\/\/highpuritysolutions.pl\/en\/wp-json\/wp\/v2\/comments?post=544"}],"version-history":[{"count":9,"href":"https:\/\/highpuritysolutions.pl\/en\/wp-json\/wp\/v2\/pages\/544\/revisions"}],"predecessor-version":[{"id":620,"href":"https:\/\/highpuritysolutions.pl\/en\/wp-json\/wp\/v2\/pages\/544\/revisions\/620"}],"wp:featuredmedia":[{"embeddable":true,"href":"https:\/\/highpuritysolutions.pl\/en\/wp-json\/wp\/v2\/media\/276"}],"wp:attachment":[{"href":"https:\/\/highpuritysolutions.pl\/en\/wp-json\/wp\/v2\/media?parent=544"}],"curies":[{"name":"wp","href":"https:\/\/api.w.org\/{rel}","templated":true}]}}