{"id":20,"date":"2025-06-24T18:38:38","date_gmt":"2025-06-24T18:38:38","guid":{"rendered":"https:\/\/kamilgackowski.store\/contact\/"},"modified":"2025-06-30T22:06:51","modified_gmt":"2025-06-30T22:06:51","slug":"contact","status":"publish","type":"page","link":"https:\/\/highpuritysolutions.pl\/en\/contact\/","title":{"rendered":"Contact"},"content":{"rendered":"<div class=\"wp-block-columns is-layout-flex wp-container-core-columns-is-layout-9d6595d7 wp-block-columns-is-layout-flex\">\n<div class=\"wp-block-column contact-info is-layout-flow wp-block-column-is-layout-flow\" style=\"flex-basis:40%\">\n<div class=\"contact-info\">\n  <p><strong>\ud83d\udccd Address:<\/strong> <span class=\"contact-details\">Aleja marsza\u0142ka J\u00f3zefa Pi\u0142sudskiego 35,<br>09-407 P\u0142ock, Polska<\/span><\/p>\n\n  <p><strong>\ud83d\udcde Phone:<\/strong> <span class=\"contact-details\">+48 787 440 633<br>+48 787 440 698<\/span><\/p>\n\n  <p><strong>\u2709\ufe0f E-mail:<\/strong> <span class=\"contact-details\"><a href=\"mailto:info@highpuritysolutions.pl\">info@highpuritysolutions.pl<\/a><\/span><\/p>\n<\/div>\n<\/div>\n\n\n\n<div class=\"wp-block-column is-layout-flow wp-block-column-is-layout-flow\" style=\"flex-basis:60%\">\n<iframe src=\"https:\/\/www.google.com\/maps\/embed?pb=!1m18!1m12!1m3!1d1213.2800771722198!2d19.729107421968486!3d52.54139184181681!2m3!1f0!2f0!3f0!3m2!1i1024!2i768!4f13.1!3m3!1m2!1s0x471c70eea26653cd%3A0x61bbecb71b5024e5!2sAleja%20marsza%C5%82ka%20J%C3%B3zefa%20Pi%C5%82sudskiego%2035%2C%2009-402%20P%C5%82ock!5e0!3m2!1spl!2spl!4v1745846129373!5m2!1spl!2spl\" width=\"100%\" height=\"600\" style=\"border:0;\" allowfullscreen=\"\" loading=\"lazy\" referrerpolicy=\"no-referrer-when-downgrade\"><\/iframe>\n<\/div>\n<\/div>","protected":false},"excerpt":{"rendered":"<p>\ud83d\udccd Adres: Aleja marsza\u0142ka J\u00f3zefa Pi\u0142sudskiego 35,09-407 P\u0142ock, Polska \ud83d\udcde Telefon: +48 787 440 633+48 787 440 698 \u2709\ufe0f E-mail: info@highpuritysolutions.pl<\/p>","protected":false},"author":1,"featured_media":276,"parent":0,"menu_order":0,"comment_status":"closed","ping_status":"closed","template":"","meta":{"footnotes":""},"class_list":["post-20","page","type-page","status-publish","has-post-thumbnail","hentry"],"_links":{"self":[{"href":"https:\/\/highpuritysolutions.pl\/en\/wp-json\/wp\/v2\/pages\/20","targetHints":{"allow":["GET"]}}],"collection":[{"href":"https:\/\/highpuritysolutions.pl\/en\/wp-json\/wp\/v2\/pages"}],"about":[{"href":"https:\/\/highpuritysolutions.pl\/en\/wp-json\/wp\/v2\/types\/page"}],"author":[{"embeddable":true,"href":"https:\/\/highpuritysolutions.pl\/en\/wp-json\/wp\/v2\/users\/1"}],"replies":[{"embeddable":true,"href":"https:\/\/highpuritysolutions.pl\/en\/wp-json\/wp\/v2\/comments?post=20"}],"version-history":[{"count":8,"href":"https:\/\/highpuritysolutions.pl\/en\/wp-json\/wp\/v2\/pages\/20\/revisions"}],"predecessor-version":[{"id":498,"href":"https:\/\/highpuritysolutions.pl\/en\/wp-json\/wp\/v2\/pages\/20\/revisions\/498"}],"wp:featuredmedia":[{"embeddable":true,"href":"https:\/\/highpuritysolutions.pl\/en\/wp-json\/wp\/v2\/media\/276"}],"wp:attachment":[{"href":"https:\/\/highpuritysolutions.pl\/en\/wp-json\/wp\/v2\/media?parent=20"}],"curies":[{"name":"wp","href":"https:\/\/api.w.org\/{rel}","templated":true}]}}