{"id":14,"date":"2025-04-27T16:24:18","date_gmt":"2025-04-27T16:24:18","guid":{"rendered":"https:\/\/kamilgackowski.store\/about-us\/"},"modified":"2025-09-14T04:12:29","modified_gmt":"2025-09-14T04:12:29","slug":"about-us-2","status":"publish","type":"page","link":"https:\/\/highpuritysolutions.pl\/en\/about-us-2\/","title":{"rendered":"About Us"},"content":{"rendered":"<p class=\"has-text-align-center has-medium-font-size\">High Purity Solutions was founded by Lukasz, an expert TIG and orbital welder with over 15 years of international experience in oil and gas, semiconductors, life sciences, energy, and aerospace. With a strong background in direct labour sourcing, Lukasz understands exactly what clients need for successful project delivery.<\/p>\n\n\n\n<div style=\"height:30px\" aria-hidden=\"true\" class=\"wp-block-spacer\"><\/div>\n\n\n\n<p class=\"has-text-align-center has-medium-font-size\">We provide fully tailored teams including supervisors, welders, riggers, and fitters \u2013 all of whom are practically skills-assessed before deployment. This ensures our clients receive only the highest quality, reliable operatives.<\/p>\n\n\n\n<div style=\"height:30px\" aria-hidden=\"true\" class=\"wp-block-spacer\"><\/div>\n\n\n\n<p class=\"has-text-align-center has-medium-font-size\">At High Purity Solutions, we combine hands-on industry expertise with a commitment to excellence, helping our clients achieve success with precision, reliability, and confidence.<\/p>\n\n\n\n<p><\/p>","protected":false},"excerpt":{"rendered":"<p>High Purity Solutions zosta\u0142o za\u0142o\u017cone przez \u0141ukasza \u2013 eksperta w spawaniu TIG i orbitalnym, z ponad 15-letnim, mi\u0119dzynarodowym do\u015bwiadczeniem w bran\u017cach: naftowo-gazowej, p\u00f3\u0142przewodnik\u00f3w, nauk przyrodniczych, energetyki oraz lotnictwa. Dzi\u0119ki solidnemu zapleczu w zakresie bezpo\u015bredniego pozyskiwania pracownik\u00f3w \u0141ukasz doskonale rozumie, czego potrzebuj\u0105 klienci, aby projekty zosta\u0142y zrealizowane z sukcesem. Oferujemy w pe\u0142ni dopasowane zespo\u0142y, w tym [&hellip;]<\/p>","protected":false},"author":1,"featured_media":276,"parent":0,"menu_order":0,"comment_status":"closed","ping_status":"closed","template":"","meta":{"footnotes":""},"class_list":["post-14","page","type-page","status-publish","has-post-thumbnail","hentry"],"_links":{"self":[{"href":"https:\/\/highpuritysolutions.pl\/en\/wp-json\/wp\/v2\/pages\/14","targetHints":{"allow":["GET"]}}],"collection":[{"href":"https:\/\/highpuritysolutions.pl\/en\/wp-json\/wp\/v2\/pages"}],"about":[{"href":"https:\/\/highpuritysolutions.pl\/en\/wp-json\/wp\/v2\/types\/page"}],"author":[{"embeddable":true,"href":"https:\/\/highpuritysolutions.pl\/en\/wp-json\/wp\/v2\/users\/1"}],"replies":[{"embeddable":true,"href":"https:\/\/highpuritysolutions.pl\/en\/wp-json\/wp\/v2\/comments?post=14"}],"version-history":[{"count":34,"href":"https:\/\/highpuritysolutions.pl\/en\/wp-json\/wp\/v2\/pages\/14\/revisions"}],"predecessor-version":[{"id":579,"href":"https:\/\/highpuritysolutions.pl\/en\/wp-json\/wp\/v2\/pages\/14\/revisions\/579"}],"wp:featuredmedia":[{"embeddable":true,"href":"https:\/\/highpuritysolutions.pl\/en\/wp-json\/wp\/v2\/media\/276"}],"wp:attachment":[{"href":"https:\/\/highpuritysolutions.pl\/en\/wp-json\/wp\/v2\/media?parent=14"}],"curies":[{"name":"wp","href":"https:\/\/api.w.org\/{rel}","templated":true}]}}